{"id":477,"date":"2025-08-25T17:24:11","date_gmt":"2025-08-25T17:24:11","guid":{"rendered":"https:\/\/le1000.com\/?page_id=477"},"modified":"2026-03-19T18:08:13","modified_gmt":"2026-03-19T18:08:13","slug":"groupes","status":"publish","type":"page","link":"https:\/\/le1000.com\/fr\/patiner\/groupes\/","title":{"rendered":"R\u00e9servation\u00a0de groupe"},"content":{"rendered":"\t\t<div data-elementor-type=\"wp-page\" data-elementor-id=\"477\" class=\"elementor elementor-477\" data-elementor-post-type=\"page\">\n\t\t\t\t<div class=\"elementor-element elementor-element-6002e39 e-flex e-con-boxed e-con e-parent\" data-id=\"6002e39\" data-element_type=\"container\" data-settings=\"{&quot;background_background&quot;:&quot;classic&quot;}\">\n\t\t\t\t\t<div class=\"e-con-inner\">\n\t\t<div class=\"elementor-element elementor-element-8b7028f e-con-full e-flex e-con e-child\" data-id=\"8b7028f\" data-element_type=\"container\" data-settings=\"{&quot;animation&quot;:&quot;none&quot;}\">\n\t\t\t\t<div class=\"elementor-element elementor-element-fd67ccd elementor-widget elementor-widget-underlined_title_widget\" data-id=\"fd67ccd\" data-element_type=\"widget\" data-settings=\"{&quot;_animation&quot;:&quot;none&quot;}\" data-widget_type=\"underlined_title_widget.default\">\n\t\t\t\t<div class=\"elementor-widget-container\">\n\t\t\t\t\t        <h2 class=\"underlined-title\">\r\n            <span class=\"top-text\">R\u00e9servation<\/span>\r\n            <span class=\"bottom-text\">de groupe<\/span>\r\n        <\/h2>\r\n        \t\t\t\t<\/div>\n\t\t\t\t<\/div>\n\t\t\t\t<\/div>\n\t\t\t\t\t<\/div>\n\t\t\t\t<\/div>\n\t\t<div class=\"elementor-element elementor-element-1dc03e7 e-flex e-con-boxed e-con e-parent\" data-id=\"1dc03e7\" data-element_type=\"container\">\n\t\t\t\t\t<div class=\"e-con-inner\">\n\t\t<div class=\"elementor-element elementor-element-ff676da e-con-full e-flex e-con e-child\" data-id=\"ff676da\" data-element_type=\"container\">\n\t\t\t\t<div class=\"elementor-element elementor-element-9a6d00f elementor-widget elementor-widget-sidebar_menu_widget\" data-id=\"9a6d00f\" data-element_type=\"widget\" data-widget_type=\"sidebar_menu_widget.default\">\n\t\t\t\t<div class=\"elementor-widget-container\">\n\t\t\t\t\t<aside class=\"fcw-sidebar\" aria-label=\"Navigation rapide\"><h3 class=\"fcw-sidebar__title\">PATINER<\/h3><nav class=\"fcw-sidebar__nav\"><ul><li><a href=\"\/fr\/patiner\/billetterie\">Billetterie en ligne<\/a><\/li><li><a href=\"\/fr\/patiner\/groupes\">R\u00e9servation de groupe<\/a><\/li><li><a href=\"\/fr\/patiner\/cours-de-patinage\">Cours de patinage<\/a><\/li><li><a href=\"\/fr\/patiner\/horaire-et-tarifs\">Horaires et tarifs<\/a><\/li><li><a href=\"\/fr\/patiner\/galerie-de-photos\">Galerie de photos<\/a><\/li><li><a href=\"\/fr\/patiner\/foire-aux-questions\">Foire aux questions<\/a><\/li><li><a href=\"\/fr\/patiner\/reglements\">R\u00e8glements<\/a><\/li><\/ul><\/nav><\/aside>\t\t\t\t<\/div>\n\t\t\t\t<\/div>\n\t\t\t\t<\/div>\n\t\t<div class=\"elementor-element elementor-element-73b91d9 e-con-full e-flex e-con e-child\" data-id=\"73b91d9\" data-element_type=\"container\">\n\t\t\t\t<div class=\"elementor-element elementor-element-2284451 elementor-widget elementor-widget-heading\" data-id=\"2284451\" data-element_type=\"widget\" data-widget_type=\"heading.default\">\n\t\t\t\t\t<h2 class=\"elementor-heading-title elementor-size-default\">Transformez votre sortie de groupe en moments inoubliables!<\/h2>\t\t\t\t<\/div>\n\t\t\t\t<div class=\"elementor-element elementor-element-6c4edd5 elementor-widget elementor-widget-heading\" data-id=\"6c4edd5\" data-element_type=\"widget\" data-widget_type=\"heading.default\">\n\t\t\t\t\t<h2 class=\"elementor-heading-title elementor-size-default\">Faire votre demande<\/h2>\t\t\t\t<\/div>\n\t\t\t\t<div class=\"elementor-element elementor-element-467b66f elementor-widget elementor-widget-text-editor\" data-id=\"467b66f\" data-element_type=\"widget\" data-widget_type=\"text-editor.default\">\n\t\t\t\t\t\t\t\t\t<p>Proposez une activit\u00e9 originale et dynamique lors de votre prochaine sortie scolaire, visite guid\u00e9e ou activit\u00e9 de consolidation entre coll\u00e8gues : venez patiner \u00e0 l\u2019Atrium Le 1000. Nos forfaits de groupes offrent diff\u00e9rentes possibilit\u00e9s \u00e0 des prix avantageux.<\/p><p>Nul besoin d\u2019un Plan B comme pour les sorties ext\u00e9rieures puisque la patinoire est ouverte \u00e0 l\u2019ann\u00e9e et situ\u00e9e bien au chaud au rez-de-chauss\u00e9e de l\u2019impressionnante tour de bureaux, Le 1000 De La Gaucheti\u00e8re. La m\u00e9t\u00e9o ne causera pas de souci le jour de l\u2019\u00e9v\u00e9nement.<\/p><p>Personnalisez votre activit\u00e9 selon les besoins de votre groupe gr\u00e2ce \u00e0 nos horaires flexibles et la panoplie de services offerts au 1000. Renseignez-vous sur la possibilit\u00e9 de location de patins, l\u2019espace repas, les restos sur place ainsi que le tarif r\u00e9duit au stationnement int\u00e9rieur.<\/p><p>Faites votre demande maintenant en remplissant ce formulaire.\u00a0<strong>Veuillez noter que les tarifs de groupe sont r\u00e9serv\u00e9s aux \u00e9coles, aux entreprises et aux ONG. Pour une sortie en famille ou entre amis, consultez la billetterie en ligne.<\/strong><\/p>\t\t\t\t\t\t\t\t<\/div>\n\t\t\t\t<div class=\"elementor-element elementor-element-8d84f35 elementor-button-align-stretch elementor-widget elementor-widget-form\" data-id=\"8d84f35\" data-element_type=\"widget\" data-settings=\"{&quot;step_next_label&quot;:&quot;Suivant&quot;,&quot;step_previous_label&quot;:&quot;Pr\\u00e9c\\u00e9dent&quot;,&quot;button_width&quot;:&quot;100&quot;,&quot;step_type&quot;:&quot;number_text&quot;,&quot;step_icon_shape&quot;:&quot;circle&quot;}\" data-widget_type=\"form.default\">\n\t\t\t\t\t\t\t<form class=\"elementor-form\" method=\"post\" name=\"Nouveau formulaire\" aria-label=\"Nouveau formulaire\">\n\t\t\t<input type=\"hidden\" name=\"post_id\" value=\"477\"\/>\n\t\t\t<input type=\"hidden\" name=\"form_id\" value=\"8d84f35\"\/>\n\t\t\t<input type=\"hidden\" name=\"referer_title\" value=\"R\u00e9servation\u00a0de groupe - 1000 De La Gaucheti\u00e8re\" \/>\n\n\t\t\t\t\t\t\t<input type=\"hidden\" name=\"queried_id\" value=\"477\"\/>\n\t\t\t\n\t\t\t<div class=\"elementor-form-fields-wrapper elementor-labels-above\">\n\t\t\t\t\t\t\t\t<div class=\"elementor-field-type-text elementor-field-group elementor-column elementor-field-group-name elementor-col-100 elementor-field-required\">\n\t\t\t\t\t\t\t\t\t\t\t\t<label for=\"form-field-name\" class=\"elementor-field-label\">\n\t\t\t\t\t\t\t\tNom de l'\u00e9tablissement\t\t\t\t\t\t\t<\/label>\n\t\t\t\t\t\t\t\t\t\t\t\t\t\t<input size=\"1\" type=\"text\" name=\"form_fields[name]\" id=\"form-field-name\" class=\"elementor-field elementor-size-sm  elementor-field-textual\" placeholder=\"Nom\" required=\"required\">\n\t\t\t\t\t\t\t\t\t\t\t<\/div>\n\t\t\t\t\t\t\t\t<div class=\"elementor-field-type-text elementor-field-group elementor-column elementor-field-group-field_2691df8 elementor-col-50\">\n\t\t\t\t\t\t\t\t\t\t\t\t<label for=\"form-field-field_2691df8\" class=\"elementor-field-label\">\n\t\t\t\t\t\t\t\tAdresse\t\t\t\t\t\t\t<\/label>\n\t\t\t\t\t\t\t\t\t\t\t\t\t\t<input size=\"1\" type=\"text\" name=\"form_fields[field_2691df8]\" id=\"form-field-field_2691df8\" class=\"elementor-field elementor-size-sm  elementor-field-textual\">\n\t\t\t\t\t\t\t\t\t\t\t<\/div>\n\t\t\t\t\t\t\t\t<div class=\"elementor-field-type-email elementor-field-group elementor-column elementor-field-group-field_50e6daf elementor-col-50 elementor-field-required\">\n\t\t\t\t\t\t\t\t\t\t\t\t<label for=\"form-field-field_50e6daf\" class=\"elementor-field-label\">\n\t\t\t\t\t\t\t\tCourriel\t\t\t\t\t\t\t<\/label>\n\t\t\t\t\t\t\t\t\t\t\t\t\t\t<input size=\"1\" type=\"email\" name=\"form_fields[field_50e6daf]\" id=\"form-field-field_50e6daf\" class=\"elementor-field elementor-size-sm  elementor-field-textual\" required=\"required\">\n\t\t\t\t\t\t\t\t\t\t\t<\/div>\n\t\t\t\t\t\t\t\t<div class=\"elementor-field-type-tel elementor-field-group elementor-column elementor-field-group-email elementor-col-100 elementor-field-required\">\n\t\t\t\t\t\t\t\t\t\t\t\t<label for=\"form-field-email\" class=\"elementor-field-label\">\n\t\t\t\t\t\t\t\tNum\u00e9ro de contact\t\t\t\t\t\t\t<\/label>\n\t\t\t\t\t\t\t\t<input size=\"1\" type=\"tel\" name=\"form_fields[email]\" id=\"form-field-email\" class=\"elementor-field elementor-size-sm  elementor-field-textual\" required=\"required\" pattern=\"[0-9()#&amp;+*-=.]+\" title=\"Only numbers and phone characters (#, -, *, etc) are accepted.\">\n\n\t\t\t\t\t\t<\/div>\n\t\t\t\t\t\t\t\t<div class=\"elementor-field-type-date elementor-field-group elementor-column elementor-field-group-message elementor-col-50\">\n\t\t\t\t\t\t\t\t\t\t\t\t<label for=\"form-field-message\" class=\"elementor-field-label\">\n\t\t\t\t\t\t\t\tDate de visite\t\t\t\t\t\t\t<\/label>\n\t\t\t\t\t\t\n\t\t<input type=\"date\" name=\"form_fields[message]\" id=\"form-field-message\" class=\"elementor-field elementor-size-sm  elementor-field-textual elementor-date-field\" pattern=\"[0-9]{4}-[0-9]{2}-[0-9]{2}\">\n\t\t\t\t\t\t<\/div>\n\t\t\t\t\t\t\t\t<div class=\"elementor-field-type-time elementor-field-group elementor-column elementor-field-group-field_91c74e3 elementor-col-50\">\n\t\t\t\t\t\t\t\t\t\t\t\t<label for=\"form-field-field_91c74e3\" class=\"elementor-field-label\">\n\t\t\t\t\t\t\t\tHeure de visite\t\t\t\t\t\t\t<\/label>\n\t\t\t\t\t\t\t\t<input type=\"time\" name=\"form_fields[field_91c74e3]\" id=\"form-field-field_91c74e3\" class=\"elementor-field elementor-size-sm  elementor-field-textual elementor-time-field\">\n\t\t\t\t\t\t<\/div>\n\t\t\t\t\t\t\t\t<div class=\"elementor-field-type-number elementor-field-group elementor-column elementor-field-group-field_a90c1cb elementor-col-100\">\n\t\t\t\t\t\t\t\t\t\t\t\t<label for=\"form-field-field_a90c1cb\" class=\"elementor-field-label\">\n\t\t\t\t\t\t\t\tNombre de participants\t\t\t\t\t\t\t<\/label>\n\t\t\t\t\t\t\t\t\t<input type=\"number\" name=\"form_fields[field_a90c1cb]\" id=\"form-field-field_a90c1cb\" class=\"elementor-field elementor-size-sm  elementor-field-textual\" min=\"0\" max=\"\" >\n\t\t\t\t\t\t<\/div>\n\t\t\t\t\t\t\t\t<div class=\"elementor-field-type-number elementor-field-group elementor-column elementor-field-group-field_70386fb elementor-col-50\">\n\t\t\t\t\t\t\t\t\t\t\t\t<label for=\"form-field-field_70386fb\" class=\"elementor-field-label\">\n\t\t\t\t\t\t\t\tNombre de patins \u00e0 louer\t\t\t\t\t\t\t<\/label>\n\t\t\t\t\t\t\t\t\t<input type=\"number\" name=\"form_fields[field_70386fb]\" id=\"form-field-field_70386fb\" class=\"elementor-field elementor-size-sm  elementor-field-textual\" min=\"0\" max=\"\" >\n\t\t\t\t\t\t<\/div>\n\t\t\t\t\t\t\t\t<div class=\"elementor-field-type-number elementor-field-group elementor-column elementor-field-group-field_6a11548 elementor-col-50\">\n\t\t\t\t\t\t\t\t\t\t\t\t<label for=\"form-field-field_6a11548\" class=\"elementor-field-label\">\n\t\t\t\t\t\t\t\tNombre de casques \u00e0 louer (obligatoire)\t\t\t\t\t\t\t<\/label>\n\t\t\t\t\t\t\t\t\t<input type=\"number\" name=\"form_fields[field_6a11548]\" id=\"form-field-field_6a11548\" class=\"elementor-field elementor-size-sm  elementor-field-textual\" min=\"0\" max=\"\" >\n\t\t\t\t\t\t<\/div>\n\t\t\t\t\t\t\t\t<div class=\"elementor-field-group elementor-column elementor-field-type-submit elementor-col-100 e-form__buttons\">\n\t\t\t\t\t<button class=\"elementor-button elementor-size-sm\" type=\"submit\">\n\t\t\t\t\t\t<span class=\"elementor-button-content-wrapper\">\n\t\t\t\t\t\t\t\t\t\t\t\t\t\t\t\t\t\t\t\t\t\t<span class=\"elementor-button-text\">Envoyer<\/span>\n\t\t\t\t\t\t\t\t\t\t\t\t\t<\/span>\n\t\t\t\t\t<\/button>\n\t\t\t\t<\/div>\n\t\t\t<\/div>\n\t\t<\/form>\n\t\t\t\t\t\t<\/div>\n\t\t\t\t<\/div>\n\t\t\t\t\t<\/div>\n\t\t\t\t<\/div>\n\t\t\t\t<\/div>\n\t\t","protected":false},"excerpt":{"rendered":"<p>PATINER Billetterie en ligne R\u00e9servation de groupe Cours de patinage Horaires et tarifs Galerie de photos Foire aux questions R\u00e8glements Transformez votre sortie de groupe en moments inoubliables! Faire votre demande Proposez une activit\u00e9 originale et dynamique lors de votre prochaine sortie scolaire, visite guid\u00e9e ou activit\u00e9 de consolidation entre coll\u00e8gues : venez patiner \u00e0 [&hellip;]<\/p>\n","protected":false},"author":1,"featured_media":0,"parent":470,"menu_order":0,"comment_status":"closed","ping_status":"closed","template":"","meta":{"_acf_changed":false,"footnotes":""},"class_list":["post-477","page","type-page","status-publish","hentry"],"acf":[],"_links":{"self":[{"href":"https:\/\/le1000.com\/fr\/wp-json\/wp\/v2\/pages\/477","targetHints":{"allow":["GET"]}}],"collection":[{"href":"https:\/\/le1000.com\/fr\/wp-json\/wp\/v2\/pages"}],"about":[{"href":"https:\/\/le1000.com\/fr\/wp-json\/wp\/v2\/types\/page"}],"author":[{"embeddable":true,"href":"https:\/\/le1000.com\/fr\/wp-json\/wp\/v2\/users\/1"}],"replies":[{"embeddable":true,"href":"https:\/\/le1000.com\/fr\/wp-json\/wp\/v2\/comments?post=477"}],"version-history":[{"count":34,"href":"https:\/\/le1000.com\/fr\/wp-json\/wp\/v2\/pages\/477\/revisions"}],"predecessor-version":[{"id":1876,"href":"https:\/\/le1000.com\/fr\/wp-json\/wp\/v2\/pages\/477\/revisions\/1876"}],"up":[{"embeddable":true,"href":"https:\/\/le1000.com\/fr\/wp-json\/wp\/v2\/pages\/470"}],"wp:attachment":[{"href":"https:\/\/le1000.com\/fr\/wp-json\/wp\/v2\/media?parent=477"}],"curies":[{"name":"wp","href":"https:\/\/api.w.org\/{rel}","templated":true}]}}