{"id":63,"date":"2025-08-07T19:56:08","date_gmt":"2025-08-07T19:56:08","guid":{"rendered":"https:\/\/le1000.com\/?page_id=63"},"modified":"2025-10-16T15:29:45","modified_gmt":"2025-10-16T15:29:45","slug":"acces-et-services","status":"publish","type":"page","link":"https:\/\/le1000.com\/fr\/acces-et-services\/","title":{"rendered":"Acc\u00e8s et services"},"content":{"rendered":"\t\t<div data-elementor-type=\"wp-page\" data-elementor-id=\"63\" class=\"elementor elementor-63\" data-elementor-post-type=\"page\">\n\t\t\t\t<div class=\"elementor-element elementor-element-b56a40e e-flex e-con-boxed e-con e-parent\" data-id=\"b56a40e\" data-element_type=\"container\">\n\t\t\t\t\t<div class=\"e-con-inner\">\n\t\t\t\t<div class=\"elementor-element elementor-element-db62b49 elementor-widget elementor-widget-flexible_content_widget\" data-id=\"db62b49\" data-element_type=\"widget\" data-widget_type=\"flexible_content_widget.default\">\n\t\t\t\t<div class=\"elementor-widget-container\">\n\t\t\t\t\t<div class=\"flexible-content-widget has-sidebar has-sidebar-left\"><aside class=\"fcw-sidebar\" aria-label=\"Navigation rapide\"><h3 class=\"fcw-sidebar__title\">Naviguation rapide<\/h3><nav class=\"fcw-sidebar__nav\"><ul><li><a href=\"https:\/\/le1000.com\/fr\/acces-et-services\/\">Acc\u00e8s et services<\/a><\/li><li><a href=\"https:\/\/le1000.com\/fr\/acces-et-services\/localisation-et-heures-d-ouverture\/\">Localisation et heures d\u2019ouverture<\/a><\/li><li><a href=\"https:\/\/le1000.com\/fr\/acces-et-services\/stationnement\/\">Stationnement<\/a><\/li><\/ul><\/nav><\/aside><div class=\"fcw-main\">    <section class=\"block-texte-simple\">\r\n                    <h2 class=\"titre-simple \">\r\n                Un v\u00e9ritable carrefour intermodal.            <\/h2>\r\n        \r\n                    <div class=\"texte-simple__content\">\r\n                <p>\u00c0 Montr\u00e9al, peu d\u2019\u00e9difices sont localis\u00e9s de fa\u00e7on aussi strat\u00e9gique que Le 1000, il s&rsquo;av\u00e8re \u00eatre\u00a0un carrefour intermodal insurpassable de par son int\u00e9gration parfaitement coordonn\u00e9e avec tous les r\u00e9seaux de transport urbain.<\/p>\n            <\/div>\r\n            <\/section>\r\n    <section class=\"block-texte-simple\">\r\n                    <h2 class=\"titre-simple \">\r\n                Par m\u00e9tro            <\/h2>\r\n        \r\n                    <div class=\"texte-simple__content\">\r\n                <p>L\u2019\u00e9difice est directement reli\u00e9 par la station de m\u00e9tro Bonaventure (ligne 2-Orange).\u2028De la station, veuillez suivre les indications menant vers Le 1000.<\/p>\n            <\/div>\r\n            <\/section>\r\n    <section class=\"block-texte-simple\">\r\n                    <h2 class=\"titre-simple \">\r\n                Par autobus            <\/h2>\r\n        \r\n                    <div class=\"texte-simple__content\">\r\n                <p>Le 1000 est desservi par les lignes d&rsquo;autobus de la STM 36 Monk (sur la rue Saint-Jacques en direction est, rue Saint-Antoine en direction ouest) et 107 Verdun (sur la rue Peel).<br \/>\n<a href=\"http:\/\/www.stm.info\" target=\"_blank\" rel=\"noopener\">www.stm.info<\/a><\/p>\n<p>Il est aussi directement reli\u00e9 au Terminus centre-ville de l\u2019RTM, o\u00f9 se rejoignent plusieurs lignes d&rsquo;autobus desservant la Rive-Sud de Montr\u00e9al.<br \/>\n<a href=\"http:\/\/www.rtm.quebec\" target=\"_blank\" rel=\"noopener\">\u00a0\u2028www.rtm.quebec<\/a><\/p>\n            <\/div>\r\n            <\/section>\r\n    <section class=\"block-texte-simple\">\r\n                    <h2 class=\"titre-simple \">\r\n                Par train de banlieue            <\/h2>\r\n        \r\n                    <div class=\"texte-simple__content\">\r\n                <p>\u00c0 quelques minutes de marche seulement de la Gare centrale (lignes Montr\u00e9al \/ Deux-Montagnes et Montr\u00e9al \/ Mont-Saint-Hilaire) et de la Gare Lucien-L&rsquo;Allier (lignes Montr\u00e9al \/ Dorion-Rigaud, Montr\u00e9al \/ Blainville et Montr\u00e9al \/ Delson).<br \/>\n<a href=\"https:\/\/rtm.quebec\/fr\" target=\"_blank\" rel=\"noopener\">www.rtm.quebec<\/a><\/p>\n            <\/div>\r\n            <\/section>\r\n    <section class=\"block-texte-simple\">\r\n                    <h2 class=\"titre-simple \">\r\n                Par la route            <\/h2>\r\n        \r\n                    <div class=\"texte-simple__content\">\r\n                <p><strong>De l&rsquo;est de la ville<\/strong><br \/>\nAutoroute Ville-Marie jusqu&rsquo;\u00e0 la sortie Boulevard Robert-Bourassa, prendre Mansfield jusqu&rsquo;\u00e0 De La Gaucheti\u00e8re<\/p>\n<p><strong>De l&rsquo;ouest de la ville<\/strong><br \/>\nAutoroute Ville-Marie jusqu&rsquo;\u00e0 la sortie de la Montagne\/St-Jacques et suivre de la Montagne nord. \u00c0 St-Antoine, tourner \u00e0 droite jusqu&rsquo;\u00e0 Mansfield puis \u00e0 gauche jusqu&rsquo;a De La Gaucheti\u00e8re<\/p>\n<p><strong>De la rive-sud<\/strong><br \/>\nPont Champlain, autoroute Bonaventure qui m\u00e8ne\u00a0au\u00a0Boulevard Robert-Bourassa\u00a0et ensuite \u00e0 gauche sur De La Gaucheti\u00e8re<\/p>\n<p><strong>De la rive-nord<\/strong><br \/>\nAutoroute 15 jusqu&rsquo;\u00e0 la 720 (autoroute Ville-Marie) et ce jusqu&rsquo;\u00e0 la sortie de la Montagne\/St-Jacques et suivre de la Montagne nord. \u00c0 St-Antoine, tourner \u00e0 droite jusqu&rsquo;\u00e0 Mansfield puis \u00e0 gauche jusqu&rsquo;\u00e0 De La Gaucheti\u00e8re<\/p>\n            <\/div>\r\n            <\/section>\r\n    <section class=\"block-texte-simple\">\r\n                    <h2 class=\"titre-simple \">\r\n                Par v\u00e9lo personnel            <\/h2>\r\n        \r\n                    <div class=\"texte-simple__content\">\r\n                <p>Le 1000 propose un stationnement \u00e0 v\u00e9los de 54 places qui est situ\u00e9 au niveau P2 du stationnement int\u00e9rieur, accessible via le 995, rue Saint-Antoine Ouest. Le service est gratuit.<\/p>\n            <\/div>\r\n            <\/section>\r\n    <section class=\"block-texte-simple\">\r\n                    <h2 class=\"titre-simple \">\r\n                BIXI            <\/h2>\r\n        \r\n                    <div class=\"texte-simple__content\">\r\n                <p>Le syst\u00e8me de v\u00e9los en libre-service \u00e0 Montr\u00e9al. Accessible \u00e0 tous, 24\/7 d\u2019avril \u00e0 novembre. Frais applicables.<br \/>\n<a href=\"http:\/\/www.bixi.com\" target=\"_blank\" rel=\"noopener\">www.bixi.com<\/a><\/p>\n            <\/div>\r\n            <\/section>\r\n    <section class=\"block-texte-simple\">\r\n                    <h2 class=\"titre-simple \">\r\n                Communauto            <\/h2>\r\n        \r\n                    <div class=\"texte-simple__content\">\r\n                <p>V\u00e9hicules disponibles en libre-service offrant une alternative pratique, \u00e9conomique et \u00e9cologique \u00e0 la possession d\u2019une automobile. Le 1000 compte 2 voitures :\u00a0une \u00e9lectrique et une au carburant. Des frais sont applicables.<br \/>\n<a href=\"http:\/\/www.communauto.com\" target=\"_blank\" rel=\"noopener\">www.communauto.com<\/a><\/p>\n            <\/div>\r\n            <\/section>\r\n    <section class=\"block-texte-simple\">\r\n                    <h2 class=\"titre-simple \">\r\n                Acc\u00e8s pour locataires et visiteurs \u00e0 mobilit\u00e9 r\u00e9duite            <\/h2>\r\n        \r\n                    <div class=\"texte-simple__content\">\r\n                <p>Voici comment notre immeuble est accessible\u00a0aux locataires et visiteurs \u00e0 mobilit\u00e9 r\u00e9duite\u00a0:<\/p>\n<ul>\n<li>Portes automatiques \u00e0 l\u2019entr\u00e9e principale ;<\/li>\n<li>Ascenseurs pour\u00a0acc\u00e9der \u00e0 la tour ;<\/li>\n<li>Ascenseur d\u2019appoint permettant de rejoindre l\u2019aire de restauration qui est d\u2019un niveau l\u00e9g\u00e8rement sup\u00e9rieur \u00e0 celui du rez-de-chauss\u00e9e ;<\/li>\n<li>3 ascenseurs reliant la station de m\u00e9tro Bonaventure, le Terminus centre-ville et la rue de la Gaucheti\u00e8re ;<\/li>\n<li>Toilettes publiques sp\u00e9cialement am\u00e9nag\u00e9es ;<\/li>\n<li>Rampe d\u2019acc\u00e8s au stationnement, au niveau P3.<\/li>\n<\/ul>\n            <\/div>\r\n            <\/section>\r\n    <section class=\"block-texte-simple\">\r\n                    <h2 class=\"titre-simple \">\r\n                Quai de livraison            <\/h2>\r\n        \r\n                    <div class=\"texte-simple__content\">\r\n                <p><strong>Livraisons et acc\u00e8s au quai<\/strong><\/p>\n<p>Les heures d\u02bcop\u00e9rations sont du <strong>lundi au vendredi<\/strong> de <strong>7h00 \u00e0 12h00<\/strong> et de <strong>13h00 \u00e0 16h00.<\/strong><br \/>\nLe quai de chargement est accessible par le <strong>995 rue Saint-Antoine Ouest.<\/strong><\/p>\n<ul>\n<li><strong>Hauteur libre :<\/strong> 3,70 m (12 pieds)<\/li>\n<li><strong>Capacit\u00e9 :<\/strong> 3 espaces pour camions<\/li>\n<li><strong>Restrictions :<\/strong> Camions de plus de 7,93 m (26 pieds) de long et semi-remorques non admis<\/li>\n<\/ul>\n<p><strong>Instructions pour les livraisons<\/strong><\/p>\n<ul>\n<li style=\"list-style-type: none\">\n<ul>\n<li>Pour toute livraison effectu\u00e9e en dehors des heures d\u02bcop\u00e9rations (entre 16 h 00 et 7 h 00), incluant les fins de semaine, les<br \/>\njours f\u00e9ri\u00e9s, ainsi que les livraisons n\u00e9cessitant plusieurs allers-retours en ascenseur, un rendez-vous doit \u00eatre pris via la<br \/>\nplateforme de services aux locataires, un<strong> minimum de 24 heures<\/strong> \u00e0 l\u02bcavance.<\/li>\n<li>Toutes les livraisons n\u00e9cessitant plusieurs allers-retours en monte-charge doivent \u00eatre effectu\u00e9es en dehors des heures<br \/>\nr\u00e9guli\u00e8res, soit <strong>entre 19h00 et 7h00<\/strong> du <strong>lundi au vendredi<\/strong>, ou en tout temps durant les fins de semaine.<\/li>\n<li>Afin d\u02bcassurer une r\u00e9ception ou une exp\u00e9dition efficace de vos colis au quai de chargement, veuillez vous assurer que les<br \/>\ninformations suivantes figurent clairement sur chaque envoi :<\/p>\n<ul>\n<li>Le nom de l\u02bcentreprise et du destinataire;<\/li>\n<li>L\u02bc\u00e9tage;<\/li>\n<li>Le num\u00e9ro du bureau;<\/li>\n<li>Le num\u00e9ro de t\u00e9l\u00e9phone du destinataire<\/li>\n<\/ul>\n<\/li>\n<\/ul>\n<\/li>\n<\/ul>\n<p>&nbsp;<\/p>\n<ul>\n<li>L\u02bcinterphone situ\u00e9 \u00e0 l\u02bcext\u00e9rieur du quai permet aux fournisseurs de joindre le service de S\u00e9curit\u00e9 afin d\u02bcobtenir l\u02bcacc\u00e8s au quai<br \/>\nen dehors des heures d\u02bcop\u00e9rations.<\/li>\n<li>Un cr\u00e9neau de 20 minutes maximum est allou\u00e9 pour chaque livraison.<\/li>\n<\/ul>\n            <\/div>\r\n            <\/section>\r\n<\/div><\/div>\t\t\t\t<\/div>\n\t\t\t\t<\/div>\n\t\t\t\t\t<\/div>\n\t\t\t\t<\/div>\n\t\t\t\t<\/div>\n\t\t","protected":false},"excerpt":{"rendered":"<p>Navigation rapide Localisation et heures d\u2019ouverture Stationnements Wifi Ascenseurs Un v\u00e9ritable carrefour intermodal. \u00c0 Montr\u00e9al, peu d\u2019\u00e9difices sont localis\u00e9s de fa\u00e7on aussi strat\u00e9gique que Le 1000, il s&rsquo;av\u00e8re \u00eatre\u00a0un carrefour intermodal insurpassable de par son int\u00e9gration parfaitement coordonn\u00e9e avec tous les r\u00e9seaux de transport urbain. Par m\u00e9tro L\u2019\u00e9difice est directement reli\u00e9 par la station de [&hellip;]<\/p>\n","protected":false},"author":1,"featured_media":0,"parent":0,"menu_order":0,"comment_status":"closed","ping_status":"closed","template":"page-contenu-flexible.php","meta":{"_acf_changed":false,"footnotes":""},"class_list":["post-63","page","type-page","status-publish","hentry"],"acf":[],"_links":{"self":[{"href":"https:\/\/le1000.com\/fr\/wp-json\/wp\/v2\/pages\/63","targetHints":{"allow":["GET"]}}],"collection":[{"href":"https:\/\/le1000.com\/fr\/wp-json\/wp\/v2\/pages"}],"about":[{"href":"https:\/\/le1000.com\/fr\/wp-json\/wp\/v2\/types\/page"}],"author":[{"embeddable":true,"href":"https:\/\/le1000.com\/fr\/wp-json\/wp\/v2\/users\/1"}],"replies":[{"embeddable":true,"href":"https:\/\/le1000.com\/fr\/wp-json\/wp\/v2\/comments?post=63"}],"version-history":[{"count":31,"href":"https:\/\/le1000.com\/fr\/wp-json\/wp\/v2\/pages\/63\/revisions"}],"predecessor-version":[{"id":1685,"href":"https:\/\/le1000.com\/fr\/wp-json\/wp\/v2\/pages\/63\/revisions\/1685"}],"wp:attachment":[{"href":"https:\/\/le1000.com\/fr\/wp-json\/wp\/v2\/media?parent=63"}],"curies":[{"name":"wp","href":"https:\/\/api.w.org\/{rel}","templated":true}]}}