{"id":7,"date":"2025-08-07T19:28:14","date_gmt":"2025-08-07T19:28:14","guid":{"rendered":"https:\/\/le1000.com\/?page_id=7"},"modified":"2025-11-25T16:26:28","modified_gmt":"2025-11-25T16:26:28","slug":"nous-joindre-2","status":"publish","type":"page","link":"https:\/\/le1000.com\/fr\/","title":{"rendered":"Accueil"},"content":{"rendered":"\t\t<div data-elementor-type=\"wp-post\" data-elementor-id=\"7\" class=\"elementor elementor-7\" data-elementor-post-type=\"page\">\n\t\t\t\t<div class=\"elementor-element elementor-element-92ad63d e-flex e-con-boxed e-con e-parent\" data-id=\"92ad63d\" data-element_type=\"container\" data-settings=\"{&quot;background_background&quot;:&quot;classic&quot;}\">\n\t\t\t\t\t<div class=\"e-con-inner\">\n\t\t<div class=\"elementor-element elementor-element-65fbf5e e-con-full e-flex e-con e-child\" data-id=\"65fbf5e\" data-element_type=\"container\" data-settings=\"{&quot;animation&quot;:&quot;none&quot;}\">\n\t\t\t\t<div class=\"elementor-element elementor-element-e912e48 elementor-widget elementor-widget-underlined_title_widget\" data-id=\"e912e48\" data-element_type=\"widget\" data-settings=\"{&quot;_animation&quot;:&quot;none&quot;}\" data-widget_type=\"underlined_title_widget.default\">\n\t\t\t\t<div class=\"elementor-widget-container\">\n\t\t\t\t\t        <h2 class=\"underlined-title\">\r\n            <span class=\"top-text\">Le plus haut \u00e0<\/span>\r\n            <span class=\"bottom-text\">Montr\u00e9al<\/span>\r\n        <\/h2>\r\n        \t\t\t\t<\/div>\n\t\t\t\t<\/div>\n\t\t\t\t<div class=\"elementor-element elementor-element-bca190a elementor-widget elementor-widget-text-editor\" data-id=\"bca190a\" data-element_type=\"widget\" data-widget_type=\"text-editor.default\">\n\t\t\t\t\t\t\t\t\t<p>D\u2019une hauteur de 205 m<\/p>\t\t\t\t\t\t\t\t<\/div>\n\t\t\t\t<\/div>\n\t\t\t\t\t<\/div>\n\t\t\t\t<\/div>\n\t\t<div class=\"elementor-element elementor-element-7050bfe e-flex e-con-boxed e-con e-parent\" data-id=\"7050bfe\" data-element_type=\"container\">\n\t\t\t\t\t<div class=\"e-con-inner\">\n\t\t<div class=\"elementor-element elementor-element-e8dfe9e e-con-full e-flex e-con e-child\" data-id=\"e8dfe9e\" data-element_type=\"container\">\n\t\t\t\t<div class=\"elementor-element elementor-element-cf02821 elementor-invisible elementor-widget elementor-widget-underlined_title_widget\" data-id=\"cf02821\" data-element_type=\"widget\" data-settings=\"{&quot;_animation&quot;:&quot;fadeInDown&quot;}\" data-widget_type=\"underlined_title_widget.default\">\n\t\t\t\t<div class=\"elementor-widget-container\">\n\t\t\t\t\t        <h2 class=\"underlined-title\">\r\n            <span class=\"top-text\">Atrium<\/span>\r\n            <span class=\"bottom-text\">Le 1000<\/span>\r\n        <\/h2>\r\n        \t\t\t\t<\/div>\n\t\t\t\t<\/div>\n\t\t\t\t<div class=\"elementor-element elementor-element-5dcceff elementor-widget elementor-widget-image\" data-id=\"5dcceff\" data-element_type=\"widget\" data-widget_type=\"image.default\">\n\t\t\t\t\t\t\t\t\t\t\t\t\t\t\t<img fetchpriority=\"high\" decoding=\"async\" width=\"800\" height=\"534\" src=\"https:\/\/le1000.com\/wp-content\/uploads\/2025\/10\/SPoulin-Noel_atrium_-ref5620-1024x683.jpg\" class=\"attachment-large size-large wp-image-1423\" alt=\"Atrium Le 1000\" srcset=\"https:\/\/le1000.com\/wp-content\/uploads\/2025\/10\/SPoulin-Noel_atrium_-ref5620-1024x683.jpg 1024w, https:\/\/le1000.com\/wp-content\/uploads\/2025\/10\/SPoulin-Noel_atrium_-ref5620-300x200.jpg 300w, https:\/\/le1000.com\/wp-content\/uploads\/2025\/10\/SPoulin-Noel_atrium_-ref5620-768x512.jpg 768w, https:\/\/le1000.com\/wp-content\/uploads\/2025\/10\/SPoulin-Noel_atrium_-ref5620-1536x1024.jpg 1536w, https:\/\/le1000.com\/wp-content\/uploads\/2025\/10\/SPoulin-Noel_atrium_-ref5620-18x12.jpg 18w, https:\/\/le1000.com\/wp-content\/uploads\/2025\/10\/SPoulin-Noel_atrium_-ref5620.jpg 1800w\" sizes=\"(max-width: 800px) 100vw, 800px\" \/>\t\t\t\t\t\t\t\t\t\t\t\t\t\t\t<\/div>\n\t\t\t\t<div class=\"elementor-element elementor-element-1370e88 elementor-widget elementor-widget-text-editor\" data-id=\"1370e88\" data-element_type=\"widget\" data-widget_type=\"text-editor.default\">\n\t\t\t\t\t\t\t\t\t<p>L\u2019impressionnante patinoire int\u00e9rieure situ\u00e9e au c\u0153ur de Montr\u00e9al est ouverte \u00e0 l\u2019ann\u00e9e. Entre amis ou en famille, patiner \u00e0 l\u2019Atrium Le 1000 est une activit\u00e9 originale et divertissante!<\/p>\t\t\t\t\t\t\t\t<\/div>\n\t\t<div class=\"elementor-element elementor-element-0dada56 e-con-full e-flex e-con e-child\" data-id=\"0dada56\" data-element_type=\"container\">\n\t\t\t\t<div class=\"elementor-element elementor-element-e0ffc46 elementor-widget elementor-widget-button\" data-id=\"e0ffc46\" data-element_type=\"widget\" data-widget_type=\"button.default\">\n\t\t\t\t\t\t\t\t\t\t<a class=\"elementor-button elementor-button-link elementor-size-sm\" href=\"https:\/\/le1000.com\/fr\/patiner\/horaire-et-tarifs\/\">\n\t\t\t\t\t\t<span class=\"elementor-button-content-wrapper\">\n\t\t\t\t\t\t<span class=\"elementor-button-icon\">\n\t\t\t\t<svg aria-hidden=\"true\" class=\"e-font-icon-svg e-fas-arrow-right\" viewBox=\"0 0 448 512\" xmlns=\"http:\/\/www.w3.org\/2000\/svg\"><path d=\"M190.5 66.9l22.2-22.2c9.4-9.4 24.6-9.4 33.9 0L441 239c9.4 9.4 9.4 24.6 0 33.9L246.6 467.3c-9.4 9.4-24.6 9.4-33.9 0l-22.2-22.2c-9.5-9.5-9.3-25 .4-34.3L311.4 296H24c-13.3 0-24-10.7-24-24v-32c0-13.3 10.7-24 24-24h287.4L190.9 101.2c-9.8-9.3-10-24.8-.4-34.3z\"><\/path><\/svg>\t\t\t<\/span>\n\t\t\t\t\t\t\t\t\t<span class=\"elementor-button-text\">Horaires et tarifs<\/span>\n\t\t\t\t\t<\/span>\n\t\t\t\t\t<\/a>\n\t\t\t\t\t\t\t\t<\/div>\n\t\t\t\t<div class=\"elementor-element elementor-element-126c6d1 elementor-widget elementor-widget-button\" data-id=\"126c6d1\" data-element_type=\"widget\" data-widget_type=\"button.default\">\n\t\t\t\t\t\t\t\t\t\t<a class=\"elementor-button elementor-button-link elementor-size-sm\" href=\"https:\/\/le1000.com\/fr\/patiner\/billetterie\/\">\n\t\t\t\t\t\t<span class=\"elementor-button-content-wrapper\">\n\t\t\t\t\t\t<span class=\"elementor-button-icon\">\n\t\t\t\t<svg aria-hidden=\"true\" class=\"e-font-icon-svg e-fas-arrow-right\" viewBox=\"0 0 448 512\" xmlns=\"http:\/\/www.w3.org\/2000\/svg\"><path d=\"M190.5 66.9l22.2-22.2c9.4-9.4 24.6-9.4 33.9 0L441 239c9.4 9.4 9.4 24.6 0 33.9L246.6 467.3c-9.4 9.4-24.6 9.4-33.9 0l-22.2-22.2c-9.5-9.5-9.3-25 .4-34.3L311.4 296H24c-13.3 0-24-10.7-24-24v-32c0-13.3 10.7-24 24-24h287.4L190.9 101.2c-9.8-9.3-10-24.8-.4-34.3z\"><\/path><\/svg>\t\t\t<\/span>\n\t\t\t\t\t\t\t\t\t<span class=\"elementor-button-text\">Billetterie en ligne<\/span>\n\t\t\t\t\t<\/span>\n\t\t\t\t\t<\/a>\n\t\t\t\t\t\t\t\t<\/div>\n\t\t\t\t<div class=\"elementor-element elementor-element-cb80c6b elementor-widget elementor-widget-button\" data-id=\"cb80c6b\" data-element_type=\"widget\" data-widget_type=\"button.default\">\n\t\t\t\t\t\t\t\t\t\t<a class=\"elementor-button elementor-button-link elementor-size-sm\" href=\"https:\/\/www.le1000.com\/fr\/patiner\/cours-de-patinage\">\n\t\t\t\t\t\t<span class=\"elementor-button-content-wrapper\">\n\t\t\t\t\t\t<span class=\"elementor-button-icon\">\n\t\t\t\t<svg aria-hidden=\"true\" class=\"e-font-icon-svg e-fas-arrow-right\" viewBox=\"0 0 448 512\" xmlns=\"http:\/\/www.w3.org\/2000\/svg\"><path d=\"M190.5 66.9l22.2-22.2c9.4-9.4 24.6-9.4 33.9 0L441 239c9.4 9.4 9.4 24.6 0 33.9L246.6 467.3c-9.4 9.4-24.6 9.4-33.9 0l-22.2-22.2c-9.5-9.5-9.3-25 .4-34.3L311.4 296H24c-13.3 0-24-10.7-24-24v-32c0-13.3 10.7-24 24-24h287.4L190.9 101.2c-9.8-9.3-10-24.8-.4-34.3z\"><\/path><\/svg>\t\t\t<\/span>\n\t\t\t\t\t\t\t\t\t<span class=\"elementor-button-text\">Cours de groupe<\/span>\n\t\t\t\t\t<\/span>\n\t\t\t\t\t<\/a>\n\t\t\t\t\t\t\t\t<\/div>\n\t\t\t\t<\/div>\n\t\t\t\t<div class=\"elementor-element elementor-element-d1ff979 elementor-widget elementor-widget-button\" data-id=\"d1ff979\" data-element_type=\"widget\" data-widget_type=\"button.default\">\n\t\t\t\t\t\t\t\t\t\t<a class=\"elementor-button elementor-button-link elementor-size-sm\" href=\"https:\/\/le1000.com\/fr\/patiner\/\">\n\t\t\t\t\t\t<span class=\"elementor-button-content-wrapper\">\n\t\t\t\t\t\t\t\t\t<span class=\"elementor-button-text\">En savoir plus<\/span>\n\t\t\t\t\t<\/span>\n\t\t\t\t\t<\/a>\n\t\t\t\t\t\t\t\t<\/div>\n\t\t\t\t<\/div>\n\t\t<div class=\"elementor-element elementor-element-a0f81be e-con-full e-flex e-con e-child\" data-id=\"a0f81be\" data-element_type=\"container\">\n\t\t\t\t<div class=\"elementor-element elementor-element-6d78754 elementor-invisible elementor-widget elementor-widget-underlined_title_widget\" data-id=\"6d78754\" data-element_type=\"widget\" data-settings=\"{&quot;_animation&quot;:&quot;fadeInDown&quot;}\" data-widget_type=\"underlined_title_widget.default\">\n\t\t\t\t<div class=\"elementor-widget-container\">\n\t\t\t\t\t        <h2 class=\"underlined-title\">\r\n            <span class=\"top-text\">\u00c0 table<\/span>\r\n            <span class=\"bottom-text\">au 1000! <\/span>\r\n        <\/h2>\r\n        \t\t\t\t<\/div>\n\t\t\t\t<\/div>\n\t\t\t\t<div class=\"elementor-element elementor-element-b596efe elementor-widget elementor-widget-image\" data-id=\"b596efe\" data-element_type=\"widget\" data-widget_type=\"image.default\">\n\t\t\t\t\t\t\t\t\t\t\t\t\t\t\t<img decoding=\"async\" width=\"800\" height=\"640\" src=\"https:\/\/le1000.com\/wp-content\/uploads\/2025\/10\/541614707_17891253012335713_1746112469748233585_n-1024x819.jpeg\" class=\"attachment-large size-large wp-image-1692\" alt=\"\" srcset=\"https:\/\/le1000.com\/wp-content\/uploads\/2025\/10\/541614707_17891253012335713_1746112469748233585_n-1024x819.jpeg 1024w, https:\/\/le1000.com\/wp-content\/uploads\/2025\/10\/541614707_17891253012335713_1746112469748233585_n-300x240.jpeg 300w, https:\/\/le1000.com\/wp-content\/uploads\/2025\/10\/541614707_17891253012335713_1746112469748233585_n-768x614.jpeg 768w, https:\/\/le1000.com\/wp-content\/uploads\/2025\/10\/541614707_17891253012335713_1746112469748233585_n-15x12.jpeg 15w, https:\/\/le1000.com\/wp-content\/uploads\/2025\/10\/541614707_17891253012335713_1746112469748233585_n-rotated.jpeg 1350w\" sizes=\"(max-width: 800px) 100vw, 800px\" \/>\t\t\t\t\t\t\t\t\t\t\t\t\t\t\t<\/div>\n\t\t\t\t<div class=\"elementor-element elementor-element-30e840d elementor-widget elementor-widget-text-editor\" data-id=\"30e840d\" data-element_type=\"widget\" data-widget_type=\"text-editor.default\">\n\t\t\t\t\t\t\t\t\t<p><span data-olk-copy-source=\"MessageBody\">La Galerie du 1000 De La Gaucheti\u00e8re offre une vari\u00e9t\u00e9 de services et d\u2019options culinaires, du d\u00e9jeuner sur le pouce jusqu\u2019\u00e0 vos \u00e9v\u00e9nements d\u2019affaires.<\/span><\/p>\t\t\t\t\t\t\t\t<\/div>\n\t\t\t\t<div class=\"elementor-element elementor-element-a90406b elementor-widget elementor-widget-button\" data-id=\"a90406b\" data-element_type=\"widget\" data-widget_type=\"button.default\">\n\t\t\t\t\t\t\t\t\t\t<a class=\"elementor-button elementor-button-link elementor-size-sm\" href=\"https:\/\/le1000.com\/fr\/manger\/\">\n\t\t\t\t\t\t<span class=\"elementor-button-content-wrapper\">\n\t\t\t\t\t\t\t\t\t<span class=\"elementor-button-text\">En savoir plus<\/span>\n\t\t\t\t\t<\/span>\n\t\t\t\t\t<\/a>\n\t\t\t\t\t\t\t\t<\/div>\n\t\t\t\t<\/div>\n\t\t\t\t\t<\/div>\n\t\t\t\t<\/div>\n\t\t<div class=\"elementor-element elementor-element-de2156a e-flex e-con-boxed e-con e-parent\" data-id=\"de2156a\" data-element_type=\"container\">\n\t\t\t\t\t<div class=\"e-con-inner\">\n\t\t<div class=\"elementor-element elementor-element-845d2f9 e-con-full e-flex e-con e-child\" data-id=\"845d2f9\" data-element_type=\"container\">\n\t\t<div class=\"elementor-element elementor-element-5614903 e-con-full e-flex e-con e-child\" data-id=\"5614903\" data-element_type=\"container\" data-settings=\"{&quot;background_background&quot;:&quot;classic&quot;}\">\n\t\t\t\t<\/div>\n\t\t\t\t<div class=\"elementor-element elementor-element-a4d3202 elementor-invisible elementor-widget elementor-widget-underlined_title_widget\" data-id=\"a4d3202\" data-element_type=\"widget\" data-settings=\"{&quot;_animation&quot;:&quot;fadeInDown&quot;}\" data-widget_type=\"underlined_title_widget.default\">\n\t\t\t\t<div class=\"elementor-widget-container\">\n\t\t\t\t\t        <h2 class=\"underlined-title\">\r\n            <span class=\"top-text\">Le 1000<\/span>\r\n            <span class=\"bottom-text\">De La Gaucheti\u00e8re<\/span>\r\n        <\/h2>\r\n        \t\t\t\t<\/div>\n\t\t\t\t<\/div>\n\t\t\t\t<div class=\"elementor-element elementor-element-d5bed6c elementor-widget elementor-widget-text-editor\" data-id=\"d5bed6c\" data-element_type=\"widget\" data-widget_type=\"text-editor.default\">\n\t\t\t\t\t\t\t\t\t<p>La silhouette du 1000 De La Gaucheti\u00e8re\u00a0se distingue sur l&rsquo;horizon de Montr\u00e9al et surplombe le centre-ville avec ses 51 \u00e9tages et son architecture postmoderne. Cette adresse\u00a0prestigieuse inspire la r\u00e9ussite professionnelle de ses locataires et propose un cadre enchanteur pour accueillir\u00a0des \u00e9v\u00e9nements.<\/p><p>Allant au-del\u00e0 de ses fonctions d\u2019immeuble\u00a0de\u00a0bureaux, Le 1000 s\u2019engage \u00e0 int\u00e9grer les pratiques responsables\u00a0pour l\u2019environnement\u00a0dans ses activit\u00e9s au quotidien et \u00eatre une vitrine originale pour la pr\u00e9sentation d\u2019activit\u00e9s culturelles. Le 1000, \u00e0 d\u00e9couvrir!<\/p>\t\t\t\t\t\t\t\t<\/div>\n\t\t\t\t<div class=\"elementor-element elementor-element-ac6c2a5 elementor-widget elementor-widget-button\" data-id=\"ac6c2a5\" data-element_type=\"widget\" data-widget_type=\"button.default\">\n\t\t\t\t\t\t\t\t\t\t<a class=\"elementor-button elementor-button-link elementor-size-sm\" href=\"https:\/\/le1000.com\/fr\/le-1000\/\">\n\t\t\t\t\t\t<span class=\"elementor-button-content-wrapper\">\n\t\t\t\t\t\t\t\t\t<span class=\"elementor-button-text\">En savoir plus<\/span>\n\t\t\t\t\t<\/span>\n\t\t\t\t\t<\/a>\n\t\t\t\t\t\t\t\t<\/div>\n\t\t\t\t<\/div>\n\t\t<div class=\"elementor-element elementor-element-8a8df11 e-con-full e-flex e-con e-child\" data-id=\"8a8df11\" data-element_type=\"container\">\n\t\t\t\t<div class=\"elementor-element elementor-element-8062a62 elementor-invisible elementor-widget elementor-widget-underlined_title_widget\" data-id=\"8062a62\" data-element_type=\"widget\" data-settings=\"{&quot;_animation&quot;:&quot;fadeInDown&quot;}\" data-widget_type=\"underlined_title_widget.default\">\n\t\t\t\t<div class=\"elementor-widget-container\">\n\t\t\t\t\t        <h2 class=\"underlined-title\">\r\n            <span class=\"top-text\"><\/span>\r\n            <span class=\"bottom-text\">Les actualit\u00e9s<\/span>\r\n        <\/h2>\r\n        \t\t\t\t<\/div>\n\t\t\t\t<\/div>\n\t\t\t\t<div class=\"elementor-element elementor-element-23b4e12 elementor-grid-1 elementor-grid-tablet-1 elementor-grid-mobile-1 elementor-widget elementor-widget-loop-grid\" data-id=\"23b4e12\" data-element_type=\"widget\" data-settings=\"{&quot;template_id&quot;:136,&quot;columns&quot;:1,&quot;columns_tablet&quot;:1,&quot;_skin&quot;:&quot;post&quot;,&quot;columns_mobile&quot;:&quot;1&quot;,&quot;edit_handle_selector&quot;:&quot;[data-elementor-type=\\&quot;loop-item\\&quot;]&quot;,&quot;row_gap&quot;:{&quot;unit&quot;:&quot;px&quot;,&quot;size&quot;:&quot;&quot;,&quot;sizes&quot;:[]},&quot;row_gap_tablet&quot;:{&quot;unit&quot;:&quot;px&quot;,&quot;size&quot;:&quot;&quot;,&quot;sizes&quot;:[]},&quot;row_gap_mobile&quot;:{&quot;unit&quot;:&quot;px&quot;,&quot;size&quot;:&quot;&quot;,&quot;sizes&quot;:[]}}\" data-widget_type=\"loop-grid.post\">\n\t\t\t\t<div class=\"elementor-widget-container\">\n\t\t\t\t\t\t\t<div class=\"elementor-loop-container elementor-grid\" role=\"list\">\n\t\t<style id=\"loop-136\">.elementor-136 .elementor-element.elementor-element-c712ced{--display:flex;--gap:14px 14px;--row-gap:14px;--column-gap:14px;}.elementor-widget-post-info .elementor-icon-list-item:not(:last-child):after{border-color:var( --e-global-color-text );}.elementor-widget-post-info .elementor-icon-list-icon i{color:var( --e-global-color-primary );}.elementor-widget-post-info .elementor-icon-list-icon svg{fill:var( --e-global-color-primary );}.elementor-widget-post-info .elementor-icon-list-text, .elementor-widget-post-info .elementor-icon-list-text a{color:var( --e-global-color-secondary );}.elementor-widget-post-info .elementor-icon-list-item{font-family:var( --e-global-typography-text-font-family ), Sans-serif;font-weight:var( --e-global-typography-text-font-weight );}.elementor-136 .elementor-element.elementor-element-a45656d .elementor-icon-list-icon{width:14px;}.elementor-136 .elementor-element.elementor-element-a45656d .elementor-icon-list-icon i{font-size:14px;}.elementor-136 .elementor-element.elementor-element-a45656d .elementor-icon-list-icon svg{--e-icon-list-icon-size:14px;}.elementor-136 .elementor-element.elementor-element-a45656d .elementor-icon-list-text, .elementor-136 .elementor-element.elementor-element-a45656d .elementor-icon-list-text a{color:var( --e-global-color-primary );}.elementor-136 .elementor-element.elementor-element-a45656d .elementor-icon-list-item{font-family:\"Roboto\", Sans-serif;font-size:12px;font-weight:200;}.elementor-widget-theme-post-title .elementor-heading-title{font-family:var( --e-global-typography-primary-font-family ), Sans-serif;font-weight:var( --e-global-typography-primary-font-weight );color:var( --e-global-color-primary );}.elementor-136 .elementor-element.elementor-element-fbac973 .elementor-heading-title{font-family:\"DM Serif Display\", Sans-serif;font-size:16px;font-weight:400;}.elementor-widget-theme-post-excerpt{font-family:var( --e-global-typography-text-font-family ), Sans-serif;font-weight:var( --e-global-typography-text-font-weight );color:var( --e-global-color-text );}.elementor-136 .elementor-element.elementor-element-df64b8a{font-family:\"Roboto\", Sans-serif;font-size:14px;font-weight:200;color:var( --e-global-color-primary );}.elementor-widget-button .elementor-button{background-color:var( --e-global-color-accent );font-family:var( --e-global-typography-accent-font-family ), Sans-serif;font-weight:var( --e-global-typography-accent-font-weight );}.elementor-136 .elementor-element.elementor-element-ea9a4d8 .elementor-button{background-color:#00000000;font-family:\"Roboto\", Sans-serif;font-size:14px;font-weight:200;text-decoration:underline;fill:var( --e-global-color-primary );color:var( --e-global-color-primary );padding:0px 0px 0px 0px;}@media(min-width:768px){.elementor-136 .elementor-element.elementor-element-c712ced{--width:100%;}}<\/style>\t\t<div data-elementor-type=\"loop-item\" data-elementor-id=\"136\" class=\"elementor elementor-136 e-loop-item e-loop-item-1854 post-1854 post type-post status-publish format-standard hentry category-evenements\" data-elementor-post-type=\"elementor_library\" data-custom-edit-handle=\"1\">\n\t\t\t<div class=\"elementor-element elementor-element-c712ced e-con-full e-flex e-con e-parent\" data-id=\"c712ced\" data-element_type=\"container\">\n\t\t\t\t<div class=\"elementor-element elementor-element-a45656d elementor-widget elementor-widget-post-info\" data-id=\"a45656d\" data-element_type=\"widget\" data-widget_type=\"post-info.default\">\n\t\t\t\t\t\t\t<ul class=\"elementor-inline-items elementor-icon-list-items elementor-post-info\">\n\t\t\t\t\t\t\t\t<li class=\"elementor-icon-list-item elementor-repeater-item-06ac21c elementor-inline-item\" itemprop=\"datePublished\">\n\t\t\t\t\t\t<a href=\"https:\/\/le1000.com\/fr\/2026\/01\/05\/\">\n\t\t\t\t\t\t\t\t\t\t\t\t\t\t<span class=\"elementor-icon-list-text elementor-post-info__item elementor-post-info__item--type-date\">\n\t\t\t\t\t\t\t\t\t\t<time>janvier 5, 2026<\/time>\t\t\t\t\t<\/span>\n\t\t\t\t\t\t\t\t\t<\/a>\n\t\t\t\t<\/li>\n\t\t\t\t<\/ul>\n\t\t\t\t\t\t<\/div>\n\t\t\t\t<div class=\"elementor-element elementor-element-fbac973 elementor-widget elementor-widget-theme-post-title elementor-page-title elementor-widget-heading\" data-id=\"fbac973\" data-element_type=\"widget\" data-widget_type=\"theme-post-title.default\">\n\t\t\t\t\t<h1 class=\"elementor-heading-title elementor-size-default\">Pauses yoga \u2013 Session hiver 2026<\/h1>\t\t\t\t<\/div>\n\t\t\t\t<div class=\"elementor-element elementor-element-ea9a4d8 elementor-widget elementor-widget-button\" data-id=\"ea9a4d8\" data-element_type=\"widget\" data-widget_type=\"button.default\">\n\t\t\t\t\t\t\t\t\t\t<a class=\"elementor-button elementor-button-link elementor-size-sm\" href=\"https:\/\/le1000.com\/fr\/le1000\/nouvelles-et-evenements\/evenements\/pauses-yoga-session-hiver-2026\/\">\n\t\t\t\t\t\t<span class=\"elementor-button-content-wrapper\">\n\t\t\t\t\t\t\t\t\t<span class=\"elementor-button-text\">En savoir plus<\/span>\n\t\t\t\t\t<\/span>\n\t\t\t\t\t<\/a>\n\t\t\t\t\t\t\t\t<\/div>\n\t\t\t\t<\/div>\n\t\t\t\t<\/div>\n\t\t\t\t<div data-elementor-type=\"loop-item\" data-elementor-id=\"136\" class=\"elementor elementor-136 e-loop-item e-loop-item-945 post-945 post type-post status-publish format-standard hentry category-evenements\" data-elementor-post-type=\"elementor_library\" data-custom-edit-handle=\"1\">\n\t\t\t<div class=\"elementor-element elementor-element-c712ced e-con-full e-flex e-con e-parent\" data-id=\"c712ced\" data-element_type=\"container\">\n\t\t\t\t<div class=\"elementor-element elementor-element-a45656d elementor-widget elementor-widget-post-info\" data-id=\"a45656d\" data-element_type=\"widget\" data-widget_type=\"post-info.default\">\n\t\t\t\t\t\t\t<ul class=\"elementor-inline-items elementor-icon-list-items elementor-post-info\">\n\t\t\t\t\t\t\t\t<li class=\"elementor-icon-list-item elementor-repeater-item-06ac21c elementor-inline-item\" itemprop=\"datePublished\">\n\t\t\t\t\t\t<a href=\"https:\/\/le1000.com\/fr\/2025\/10\/07\/\">\n\t\t\t\t\t\t\t\t\t\t\t\t\t\t<span class=\"elementor-icon-list-text elementor-post-info__item elementor-post-info__item--type-date\">\n\t\t\t\t\t\t\t\t\t\t<time>octobre 7, 2025<\/time>\t\t\t\t\t<\/span>\n\t\t\t\t\t\t\t\t\t<\/a>\n\t\t\t\t<\/li>\n\t\t\t\t<\/ul>\n\t\t\t\t\t\t<\/div>\n\t\t\t\t<div class=\"elementor-element elementor-element-fbac973 elementor-widget elementor-widget-theme-post-title elementor-page-title elementor-widget-heading\" data-id=\"fbac973\" data-element_type=\"widget\" data-widget_type=\"theme-post-title.default\">\n\t\t\t\t\t<h1 class=\"elementor-heading-title elementor-size-default\">Occasion d\u2019\u00e9changes locataires #3 \u2013 La saison des pommes!<\/h1>\t\t\t\t<\/div>\n\t\t\t\t<div class=\"elementor-element elementor-element-ea9a4d8 elementor-widget elementor-widget-button\" data-id=\"ea9a4d8\" data-element_type=\"widget\" data-widget_type=\"button.default\">\n\t\t\t\t\t\t\t\t\t\t<a class=\"elementor-button elementor-button-link elementor-size-sm\" href=\"https:\/\/le1000.com\/fr\/le1000\/nouvelles-et-evenements\/evenements\/occasion-dechanges-locataires-3-la-saison-des-pommes\/\">\n\t\t\t\t\t\t<span class=\"elementor-button-content-wrapper\">\n\t\t\t\t\t\t\t\t\t<span class=\"elementor-button-text\">En savoir plus<\/span>\n\t\t\t\t\t<\/span>\n\t\t\t\t\t<\/a>\n\t\t\t\t\t\t\t\t<\/div>\n\t\t\t\t<\/div>\n\t\t\t\t<\/div>\n\t\t\t\t<div data-elementor-type=\"loop-item\" data-elementor-id=\"136\" class=\"elementor elementor-136 e-loop-item e-loop-item-929 post-929 post type-post status-publish format-standard hentry category-evenements\" data-elementor-post-type=\"elementor_library\" data-custom-edit-handle=\"1\">\n\t\t\t<div class=\"elementor-element elementor-element-c712ced e-con-full e-flex e-con e-parent\" data-id=\"c712ced\" data-element_type=\"container\">\n\t\t\t\t<div class=\"elementor-element elementor-element-a45656d elementor-widget elementor-widget-post-info\" data-id=\"a45656d\" data-element_type=\"widget\" data-widget_type=\"post-info.default\">\n\t\t\t\t\t\t\t<ul class=\"elementor-inline-items elementor-icon-list-items elementor-post-info\">\n\t\t\t\t\t\t\t\t<li class=\"elementor-icon-list-item elementor-repeater-item-06ac21c elementor-inline-item\" itemprop=\"datePublished\">\n\t\t\t\t\t\t<a href=\"https:\/\/le1000.com\/fr\/2025\/09\/24\/\">\n\t\t\t\t\t\t\t\t\t\t\t\t\t\t<span class=\"elementor-icon-list-text elementor-post-info__item elementor-post-info__item--type-date\">\n\t\t\t\t\t\t\t\t\t\t<time>septembre 24, 2025<\/time>\t\t\t\t\t<\/span>\n\t\t\t\t\t\t\t\t\t<\/a>\n\t\t\t\t<\/li>\n\t\t\t\t<\/ul>\n\t\t\t\t\t\t<\/div>\n\t\t\t\t<div class=\"elementor-element elementor-element-fbac973 elementor-widget elementor-widget-theme-post-title elementor-page-title elementor-widget-heading\" data-id=\"fbac973\" data-element_type=\"widget\" data-widget_type=\"theme-post-title.default\">\n\t\t\t\t\t<h1 class=\"elementor-heading-title elementor-size-default\">ALV\u00c9OLE &#8211; Atelier #2 &#8211; \u00ab\u00a0De la ruche \u00e0 la r\u00e9colte\u00a0\u00bb<\/h1>\t\t\t\t<\/div>\n\t\t\t\t<div class=\"elementor-element elementor-element-ea9a4d8 elementor-widget elementor-widget-button\" data-id=\"ea9a4d8\" data-element_type=\"widget\" data-widget_type=\"button.default\">\n\t\t\t\t\t\t\t\t\t\t<a class=\"elementor-button elementor-button-link elementor-size-sm\" href=\"https:\/\/le1000.com\/fr\/le1000\/alveole-atelier-2-de-la-ruche-a-la-recolte\/\">\n\t\t\t\t\t\t<span class=\"elementor-button-content-wrapper\">\n\t\t\t\t\t\t\t\t\t<span class=\"elementor-button-text\">En savoir plus<\/span>\n\t\t\t\t\t<\/span>\n\t\t\t\t\t<\/a>\n\t\t\t\t\t\t\t\t<\/div>\n\t\t\t\t<\/div>\n\t\t\t\t<\/div>\n\t\t\t\t<\/div>\n\t\t\n\t\t\t\t\t\t<\/div>\n\t\t\t\t<\/div>\n\t\t\t\t<\/div>\n\t\t\t\t\t<\/div>\n\t\t\t\t<\/div>\n\t\t\t\t<\/div>\n\t\t","protected":false},"excerpt":{"rendered":"<p>D\u2019une hauteur de 205 m Atrium Le 1000 L\u2019impressionnante patinoire int\u00e9rieure situ\u00e9e au c\u0153ur de Montr\u00e9al est ouverte \u00e0 l\u2019ann\u00e9e. Entre amis ou en famille, patiner \u00e0 l\u2019Atrium Le 1000 est une activit\u00e9 originale et divertissante! Horaires et tarifs Billetterie en ligne Cours de groupe En savoir plus \u00c0 table au 1000! La Galerie du [&hellip;]<\/p>\n","protected":false},"author":1,"featured_media":0,"parent":0,"menu_order":0,"comment_status":"closed","ping_status":"closed","template":"","meta":{"_acf_changed":false,"footnotes":""},"class_list":["post-7","page","type-page","status-publish","hentry"],"acf":[],"_links":{"self":[{"href":"https:\/\/le1000.com\/fr\/wp-json\/wp\/v2\/pages\/7","targetHints":{"allow":["GET"]}}],"collection":[{"href":"https:\/\/le1000.com\/fr\/wp-json\/wp\/v2\/pages"}],"about":[{"href":"https:\/\/le1000.com\/fr\/wp-json\/wp\/v2\/types\/page"}],"author":[{"embeddable":true,"href":"https:\/\/le1000.com\/fr\/wp-json\/wp\/v2\/users\/1"}],"replies":[{"embeddable":true,"href":"https:\/\/le1000.com\/fr\/wp-json\/wp\/v2\/comments?post=7"}],"version-history":[{"count":303,"href":"https:\/\/le1000.com\/fr\/wp-json\/wp\/v2\/pages\/7\/revisions"}],"predecessor-version":[{"id":1868,"href":"https:\/\/le1000.com\/fr\/wp-json\/wp\/v2\/pages\/7\/revisions\/1868"}],"wp:attachment":[{"href":"https:\/\/le1000.com\/fr\/wp-json\/wp\/v2\/media?parent=7"}],"curies":[{"name":"wp","href":"https:\/\/api.w.org\/{rel}","templated":true}]}}